{"id":615,"date":"2021-02-10T21:22:50","date_gmt":"2021-02-10T21:22:50","guid":{"rendered":"http:\/\/thehouseofengagement.com\/?post_type=product&#038;p=615"},"modified":"2021-02-10T21:31:45","modified_gmt":"2021-02-10T21:31:45","slug":"black-vip-plan","status":"publish","type":"product","link":"https:\/\/thehouseofengagement.com\/es\/producto\/black-vip-plan\/","title":{"rendered":"BLACK VIP PLAN"},"content":{"rendered":"","protected":false},"excerpt":{"rendered":"<ul class=\"elementor-icon-list-items\">\n<li class=\"elementor-icon-list-item\"><span class=\"elementor-icon-list-text\">Personalized plan.<\/span><\/li>\n<li class=\"elementor-icon-list-item\"><i class=\"fas fa-check-circle\" aria-hidden=\"true\"><\/i><span class=\"elementor-icon-list-text\">Unlimited increased engagement Includes: likes, views, comments.<\/span><\/li>\n<li class=\"elementor-icon-list-item\"><i class=\"fas fa-check-circle\" aria-hidden=\"true\"><\/i><span class=\"elementor-icon-list-text\">Gradual follower growth up to 20k at month.<\/span><\/li>\n<li class=\"elementor-icon-list-item\"><i class=\"fas fa-check-circle\" aria-hidden=\"true\"><\/i><span class=\"elementor-icon-list-text\">Account management with the support of a community manager, if required.<\/span><\/li>\n<li class=\"elementor-icon-list-item\"><i class=\"fas fa-check-circle\" aria-hidden=\"true\"><\/i><span class=\"elementor-icon-list-text\">Advice on Instagram verification.<\/span><\/li>\n<li class=\"elementor-icon-list-item\"><i class=\"fas fa-check-circle\" aria-hidden=\"true\"><\/i><span class=\"elementor-icon-list-text\">Participaci\u00f3n excepcional en la p\u00e1gina de exploraci\u00f3n, para burlar el algoritmo de publicaci\u00f3n de Instagram.<\/span><\/li>\n<li class=\"elementor-icon-list-item\"><i class=\"fas fa-check-circle\" aria-hidden=\"true\"><\/i><span class=\"elementor-icon-list-text\">Two monthly Instagram live with 300 connected people.<\/span><\/li>\n<li class=\"elementor-icon-list-item\"><i class=\"fas fa-check-circle\" aria-hidden=\"true\"><\/i><span class=\"elementor-icon-list-text\">Edici\u00f3n de im\u00e1genes b\u00e1sicas (consejos de logotipo, portada de historias destacadas)<\/span><\/li>\n<li class=\"elementor-icon-list-item\"><i class=\"fas fa-check-circle\" aria-hidden=\"true\"><\/i><span class=\"elementor-icon-list-text\">Asesoramiento de contenidos.<\/span><\/li>\n<li class=\"elementor-icon-list-item\"><i class=\"fas fa-check-circle\" aria-hidden=\"true\"><\/i><span class=\"elementor-icon-list-text\">Asesoramiento en el manejo de redes sociales.<\/span><\/li>\n<li class=\"elementor-icon-list-item\"><i class=\"fas fa-check-circle\" aria-hidden=\"true\"><\/i><span class=\"elementor-icon-list-text\">Grupo de trabajo de Whatsapp.<\/span><\/li>\n<li class=\"elementor-icon-list-item\"><i class=\"fas fa-check-circle\" aria-hidden=\"true\"><\/i><span class=\"elementor-icon-list-text\">Soporte 24 horas al d\u00eda, 7 d\u00edas a la semana.<\/span><\/li>\n<li class=\"elementor-icon-list-item\"><i class=\"fas fa-check-circle\" aria-hidden=\"true\"><\/i><span class=\"elementor-icon-list-text\">Soporte en redes sociales con m\u00e1s de 90 influencers*<\/span><\/li>\n<li class=\"elementor-icon-list-item\"><i class=\"fas fa-check-circle\" aria-hidden=\"true\"><\/i><span class=\"elementor-icon-list-text\">Monthly schedule for posts<\/span><\/li>\n<li class=\"elementor-icon-list-item\"><i class=\"fas fa-check-circle\" aria-hidden=\"true\"><\/i><span class=\"elementor-icon-list-text\">Comentarios de cuentas reales de diferentes pa\u00edses, para aumentar la exposici\u00f3n de la cuenta.<\/span><\/li>\n<\/ul>","protected":false},"featured_media":609,"template":"","meta":[],"product_cat":[39],"product_tag":[],"class_list":{"0":"post-615","1":"product","2":"type-product","3":"status-publish","4":"has-post-thumbnail","6":"product_cat-plans","8":"first","9":"instock","10":"shipping-taxable","11":"purchasable","12":"product-type-simple"},"_links":{"self":[{"href":"https:\/\/thehouseofengagement.com\/es\/wp-json\/wp\/v2\/product\/615","targetHints":{"allow":["GET"]}}],"collection":[{"href":"https:\/\/thehouseofengagement.com\/es\/wp-json\/wp\/v2\/product"}],"about":[{"href":"https:\/\/thehouseofengagement.com\/es\/wp-json\/wp\/v2\/types\/product"}],"wp:featuredmedia":[{"embeddable":true,"href":"https:\/\/thehouseofengagement.com\/es\/wp-json\/wp\/v2\/media\/609"}],"wp:attachment":[{"href":"https:\/\/thehouseofengagement.com\/es\/wp-json\/wp\/v2\/media?parent=615"}],"wp:term":[{"taxonomy":"product_cat","embeddable":true,"href":"https:\/\/thehouseofengagement.com\/es\/wp-json\/wp\/v2\/product_cat?post=615"},{"taxonomy":"product_tag","embeddable":true,"href":"https:\/\/thehouseofengagement.com\/es\/wp-json\/wp\/v2\/product_tag?post=615"}],"curies":[{"name":"wp","href":"https:\/\/api.w.org\/{rel}","templated":true}]}}