{"id":613,"date":"2021-02-10T21:18:56","date_gmt":"2021-02-10T21:18:56","guid":{"rendered":"http:\/\/thehouseofengagement.com\/?post_type=product&#038;p=613"},"modified":"2021-02-10T21:19:54","modified_gmt":"2021-02-10T21:19:54","slug":"diamond-plan","status":"publish","type":"product","link":"https:\/\/thehouseofengagement.com\/es\/producto\/diamond-plan\/","title":{"rendered":"DIAMOND PLAN"},"content":{"rendered":"","protected":false},"excerpt":{"rendered":"<ul class=\"elementor-icon-list-items\">\n<li class=\"elementor-icon-list-item\"><span class=\"elementor-icon-list-text\">Increased engagement for up to 40 post monthly. (20 reels,\u00a0<span lang=\"EN-US\">IGTV or videos-20 photographies<\/span>) Includes: likes, views,\u00a0<span lang=\"EN-US\">comments.<\/span><\/span><\/li>\n<li class=\"elementor-icon-list-item\"><i class=\"fas fa-check-circle\" aria-hidden=\"true\"><\/i><span class=\"elementor-icon-list-text\">Gradual follower growth up to 10k at month.<\/span><\/li>\n<li class=\"elementor-icon-list-item\"><i class=\"fas fa-check-circle\" aria-hidden=\"true\"><\/i><span class=\"elementor-icon-list-text\">Account management with the support of a community manager, if required.<\/span><\/li>\n<li class=\"elementor-icon-list-item\"><i class=\"fas fa-check-circle\" aria-hidden=\"true\"><\/i><span class=\"elementor-icon-list-text\">Edici\u00f3n de im\u00e1genes b\u00e1sicas (consejos de logotipo, portada de historias destacadas)<\/span><\/li>\n<li class=\"elementor-icon-list-item\"><i class=\"fas fa-check-circle\" aria-hidden=\"true\"><\/i><span class=\"elementor-icon-list-text\">Asesoramiento de contenidos.<\/span><\/li>\n<li class=\"elementor-icon-list-item\"><i class=\"fas fa-check-circle\" aria-hidden=\"true\"><\/i><span class=\"elementor-icon-list-text\">Grupo de trabajo de Whatsapp.<\/span><\/li>\n<li class=\"elementor-icon-list-item\"><i class=\"fas fa-check-circle\" aria-hidden=\"true\"><\/i><span class=\"elementor-icon-list-text\">Soporte 24 horas al d\u00eda, 7 d\u00edas a la semana.<\/span><\/li>\n<li class=\"elementor-icon-list-item\"><i class=\"fas fa-check-circle\" aria-hidden=\"true\"><\/i><span class=\"elementor-icon-list-text\">Soporte en redes sociales con m\u00e1s de 90 influencers*<\/span><\/li>\n<li class=\"elementor-icon-list-item\"><i class=\"fas fa-check-circle\" aria-hidden=\"true\"><\/i><span class=\"elementor-icon-list-text\">Calendario mensual de publicaciones.<\/span><\/li>\n<li class=\"elementor-icon-list-item\"><i class=\"fas fa-check-circle\" aria-hidden=\"true\"><\/i><span class=\"elementor-icon-list-text\">Comentarios de cuentas reales de diferentes pa\u00edses, para aumentar la exposici\u00f3n de la cuenta.<\/span><\/li>\n<\/ul>","protected":false},"featured_media":610,"template":"","meta":[],"product_cat":[39],"product_tag":[],"class_list":{"0":"post-613","1":"product","2":"type-product","3":"status-publish","4":"has-post-thumbnail","6":"product_cat-plans","8":"first","9":"instock","10":"shipping-taxable","11":"purchasable","12":"product-type-simple"},"_links":{"self":[{"href":"https:\/\/thehouseofengagement.com\/es\/wp-json\/wp\/v2\/product\/613","targetHints":{"allow":["GET"]}}],"collection":[{"href":"https:\/\/thehouseofengagement.com\/es\/wp-json\/wp\/v2\/product"}],"about":[{"href":"https:\/\/thehouseofengagement.com\/es\/wp-json\/wp\/v2\/types\/product"}],"wp:featuredmedia":[{"embeddable":true,"href":"https:\/\/thehouseofengagement.com\/es\/wp-json\/wp\/v2\/media\/610"}],"wp:attachment":[{"href":"https:\/\/thehouseofengagement.com\/es\/wp-json\/wp\/v2\/media?parent=613"}],"wp:term":[{"taxonomy":"product_cat","embeddable":true,"href":"https:\/\/thehouseofengagement.com\/es\/wp-json\/wp\/v2\/product_cat?post=613"},{"taxonomy":"product_tag","embeddable":true,"href":"https:\/\/thehouseofengagement.com\/es\/wp-json\/wp\/v2\/product_tag?post=613"}],"curies":[{"name":"wp","href":"https:\/\/api.w.org\/{rel}","templated":true}]}}